{"id":13,"date":"2017-07-09T22:33:16","date_gmt":"2017-07-09T22:33:16","guid":{"rendered":"http:\/\/www.logosministriesinternational.com\/Portuguese\/?page_id=13"},"modified":"2017-07-09T22:33:16","modified_gmt":"2017-07-09T22:33:16","slug":"declaracao-de-fe","status":"publish","type":"page","link":"https:\/\/www.logosministries.org\/Portuguese\/declaracao-de-fe\/","title":{"rendered":"Declara\u00e7\u00e3o de F\u00e9"},"content":{"rendered":"<p><span style=\"font-family: Arial, Helvetica, sans-serif;\"><b>As Escrituras<\/b>:<br \/>\nAcreditamos que todas as escrituras do Antigo e Novo Testamento\u00a0foram inspirados por Deus.<span style=\"color: #990000;\"> (2 Tim\u00f3teo\u00a03:16)<\/span><\/span><\/p>\n<p><span style=\"font-family: Arial, Helvetica, sans-serif;\"><b>Deus<\/b>:<br \/>\nCremos em um Deus verdadeiro, que existe na forma de tr\u00eas\u00a0pessoas: Deus Pai, Deus Filho e Esp\u00edrito Santo. Jesus\u00a0Cristo \u00e9 o Verbo de Deus que se manifestou na carne.\u00a0Ele \u00e9 eterno e de igualdade com o Pai e o Esp\u00edrito\u00a0Santo. <span style=\"color: #990000;\">(Jo\u00e3o 1:1, Jo\u00e3o\u00a01:14, 1 Jo\u00e3o 5:7)<\/span><\/span><\/p>\n<p><span style=\"font-family: Arial, Helvetica, sans-serif;\"><b>Jesus Cristo:<\/b><br \/>\nN\u00f3s acreditamos que ele nasceu de uma virgem, de\u00a0Seu sangue derramado na cruz do Calv\u00e1rio para o perd\u00e3o\u00a0dos nossos pecados, Sua ressurrei\u00e7\u00e3o e ascens\u00e3o\u00a0e de que agora est\u00e1 sentado \u00e0 m\u00e3o direita<br \/>\ndo Pai, da Sua divindade, o Senhor Jesus Cristo. N\u00f3s\u00a0acreditamos que Ele \u00e9 o \u00fanico caminho para\u00a0o Pai e por ele somos santificados, justificados, resgatados\u00a0e amados.\u00a0<span style=\"color: #990000;\">(1 Cor\u00edntios 1:30, Ef\u00e9sios\u00a01:6)<\/span><\/span><\/p>\n<p><span style=\"font-family: Arial, Helvetica, sans-serif;\"><b>Esp\u00edrito\u00a0Santo<\/b>:<br \/>\nCremos no batismo do Esp\u00edrito Santo com\u00a0a evid\u00eancia de falar em l\u00ednguas, segundo as<br \/>\nEscrituras encontradas em <span style=\"color: #990000;\">Atos 1:8,\u00a02:4, 9:17, 10:44-46, 11:15,16 e 19:6.<\/span> Acreditamos\u00a0que esta experi\u00eancia \u00e9 uma experi\u00eancia\u00a0distinta e separada do novo nascimento e \u00e9 recebida\u00a0pela f\u00e9. <span style=\"color: #990000;\">(G\u00e1latas 3:2)<\/span><\/span><\/p>\n<p><span style=\"font-family: Arial, Helvetica, sans-serif;\"><b>Um Homem:<\/b><br \/>\nN\u00f3s acreditamos que atrav\u00e9s da desobedi\u00eancia\u00a0a Deus de um homem, Ad\u00e3o, o pecado veio sobre a terra<br \/>\ne esse pecado trouxe a morte a todos os homens. A pena para\u00a0o pecado \u00e9 a morte ou separa\u00e7\u00e3o eterna<br \/>\nde Deus. <span style=\"color: #990000;\">(Romanos 5:12, Romanos 6:23,\u00a01 Cor\u00edntios 15:45-54)<\/span><\/span><\/p>\n<p><span style=\"font-family: Arial, Helvetica, sans-serif;\"><b>Salva\u00e7\u00e3o:<\/b><br \/>\nCremos que atrav\u00e9s da obedi\u00eancia completa de\u00a0um homem, Jesus Cristo, que foi perfeito, sem culpa e sem\u00a0pecado, foi capaz de unir a separa\u00e7\u00e3o que\u00a0se formou entre o homem e Deus. N\u00f3s acreditamos que<br \/>\nele veio para pagar a pena pelo pecado do homem, derramando\u00a0o seu sangue para que todos os homens, que em arrependimento\u00a0e f\u00e9, recebam Jesus como seu Senhor e Salvador s\u00e3o\u00a0salvos. A salva\u00e7\u00e3o \u00e9 um dom de Deus\u00a0que \u00e9 recebida pela gra\u00e7a de Deus atrav\u00e9s\u00a0da f\u00e9. <span style=\"color: #990000;\">(1 Corintios\u00a015:3-4, Hebreus 9:11-12, Romanos 10:9-10, Ef\u00e9sios\u00a02:8)<\/span><\/span><\/p>\n<p><span style=\"font-family: Arial, Helvetica, sans-serif;\"><b>Cura:<\/b><br \/>\nN\u00f3s acreditamos que atrav\u00e9s da obra redentora\u00a0na cruz, a morte de Jesus Cristo, nos proporcionou a cura<br \/>\nde nossos corpos naturais. <span style=\"color: #990000;\">(Isa\u00edas\u00a053:4-5, Mateus 8:16-17, 1 Pedro 2:24)<\/span><\/span><\/p>\n<p><span style=\"font-family: Arial, Helvetica, sans-serif;\"><b>A Ressurrei\u00e7\u00e3o:<\/b><br \/>\nN\u00f3s cremos na ressurrei\u00e7\u00e3o dos injustos\u00a0e os justos; justos para a vida eterna e os injustos para\u00a0a condena\u00e7\u00e3o eterna ou a separa\u00e7\u00e3o\u00a0eterna de Deus. <span style=\"color: #990000;\">(Mateus 25-46, Apocalipse\u00a020:11-15, 21:1-8)<\/span><\/span><\/p>\n<p><span style=\"font-family: Arial, Helvetica, sans-serif;\"><b>A Segunda\u00a0Vinda:<\/b><br \/>\nN\u00f3s acreditamos em uma segunda f\u00edsica\u00a0vinda do Senhor Jesus Cristo. Ele reinar\u00e1 como Rei\u00a0e Senhor dos Senhores, por mil anos. <span style=\"color: #990000;\">(1Tessalonicenses 4:16-17, Apocalipse 20:6)<\/span><\/span><\/p>\n<p><span style=\"font-family: Arial, Helvetica, sans-serif;\"><b>Dons do Esp\u00edrito\u00a0Santo:<\/b><br \/>\nCremos que os dons espirituais e manifesta\u00e7\u00f5es\u00a0do poder do Esp\u00edrito Santo s\u00e3o para todos\u00a0e para o encorajamento e edifica\u00e7\u00e3o da fam\u00edlia\u00a0de Cristo. <span style=\"color: #990000;\">(Atos 2:38-39, 1 Cor\u00edntios\u00a012:7)<\/span><br \/>\n<\/span><\/p>\n","protected":false},"excerpt":{"rendered":"<p>As Escrituras: Acreditamos que todas as escrituras do Antigo e Novo Testamento\u00a0foram inspirados por Deus. (2 Tim\u00f3teo\u00a03:16) Deus: Cremos em um Deus verdadeiro, que existe na forma de tr\u00eas\u00a0pessoas: Deus Pai, Deus Filho e Esp\u00edrito Santo. Jesus\u00a0Cristo \u00e9 o Verbo de Deus que se manifestou na carne.\u00a0Ele \u00e9 eterno e de igualdade com o Pai [&hellip;]<\/p>\n","protected":false},"author":2,"featured_media":0,"parent":0,"menu_order":0,"comment_status":"closed","ping_status":"closed","template":"","meta":{"footnotes":""},"_links":{"self":[{"href":"https:\/\/www.logosministries.org\/Portuguese\/wp-json\/wp\/v2\/pages\/13"}],"collection":[{"href":"https:\/\/www.logosministries.org\/Portuguese\/wp-json\/wp\/v2\/pages"}],"about":[{"href":"https:\/\/www.logosministries.org\/Portuguese\/wp-json\/wp\/v2\/types\/page"}],"author":[{"embeddable":true,"href":"https:\/\/www.logosministries.org\/Portuguese\/wp-json\/wp\/v2\/users\/2"}],"replies":[{"embeddable":true,"href":"https:\/\/www.logosministries.org\/Portuguese\/wp-json\/wp\/v2\/comments?post=13"}],"version-history":[{"count":1,"href":"https:\/\/www.logosministries.org\/Portuguese\/wp-json\/wp\/v2\/pages\/13\/revisions"}],"predecessor-version":[{"id":14,"href":"https:\/\/www.logosministries.org\/Portuguese\/wp-json\/wp\/v2\/pages\/13\/revisions\/14"}],"wp:attachment":[{"href":"https:\/\/www.logosministries.org\/Portuguese\/wp-json\/wp\/v2\/media?parent=13"}],"curies":[{"name":"wp","href":"https:\/\/api.w.org\/{rel}","templated":true}]}}