{"id":19,"date":"2017-07-09T22:56:26","date_gmt":"2017-07-09T22:56:26","guid":{"rendered":"http:\/\/www.logosministriesinternational.com\/Portuguese\/?page_id=19"},"modified":"2017-07-10T00:07:23","modified_gmt":"2017-07-10T00:07:23","slug":"visao-e-missao","status":"publish","type":"page","link":"https:\/\/www.logosministries.org\/Portuguese\/visao-e-missao\/","title":{"rendered":"Vis\u00e3o e Miss\u00e3o"},"content":{"rendered":"<p><span style=\"font-family: Arial, Helvetica, sans-serif;\"><b>NOSSA VIS\u00c3O\u00a0~<\/b><\/span><\/p>\n<p><span style=\"font-family: Arial, Helvetica, sans-serif;\">Nossa vis\u00e3o\u00a0\u00e9 alcan\u00e7ar e discipular a comunidade de l\u00edngua\u00a0portuguesa no Brasil e outros vizinhos latinos na Am\u00e9rica\u00a0do Sul com as boas novas do Evangelho, o seu amor incondicional\u00a0e a sua gra\u00e7a, o minist\u00e9rio positivo do Esp\u00edrito\u00a0Santo e da abund\u00e2ncia das promessas que Deus revelou\u00a0a todos n\u00f3s atrav\u00e9s de sua palavra.<\/span><\/p>\n<p><span style=\"font-family: Arial, Helvetica, sans-serif;\"><b>NOSSA MISS\u00c3O\u00a0~<\/b><\/span><\/p>\n<p><span style=\"font-family: Arial, Helvetica, sans-serif;\">Nossa miss\u00e3o\u00a0\u00e9 discipular indiv\u00edduos de acordo com os mandamentos\u00a0de Jesus. Acreditamos que atrav\u00e9s deste discipulado\u00a0um instituto de crentes se levantar\u00e1 como l\u00edderes\u00a0para promover o Evangelho por todo o Mundo. Nosso objetivo\u00a0\u00e9 estabelecer escolas onde o Evangelho de Jesus Cristo\u00a0\u00e9 ensinado com uma demonstra\u00e7\u00e3o de\u00a0seu poder e gra\u00e7a. Regra sobre regra, de preceito\u00a0sobre preceito, um pouco aqui e um pouco ali, que eles possam\u00a0ir com autoridade, poder, gra\u00e7a e amor para destruir\u00a0as obras do diabo.<\/span><\/p>\n","protected":false},"excerpt":{"rendered":"<p>NOSSA VIS\u00c3O\u00a0~ Nossa vis\u00e3o\u00a0\u00e9 alcan\u00e7ar e discipular a comunidade de l\u00edngua\u00a0portuguesa no Brasil e outros vizinhos latinos na Am\u00e9rica\u00a0do Sul com as boas novas do Evangelho, o seu amor incondicional\u00a0e a sua gra\u00e7a, o minist\u00e9rio positivo do Esp\u00edrito\u00a0Santo e da abund\u00e2ncia das promessas que Deus revelou\u00a0a todos n\u00f3s atrav\u00e9s de sua palavra. NOSSA MISS\u00c3O\u00a0~ Nossa [&hellip;]<\/p>\n","protected":false},"author":2,"featured_media":44,"parent":0,"menu_order":0,"comment_status":"closed","ping_status":"closed","template":"","meta":{"footnotes":""},"_links":{"self":[{"href":"https:\/\/www.logosministries.org\/Portuguese\/wp-json\/wp\/v2\/pages\/19"}],"collection":[{"href":"https:\/\/www.logosministries.org\/Portuguese\/wp-json\/wp\/v2\/pages"}],"about":[{"href":"https:\/\/www.logosministries.org\/Portuguese\/wp-json\/wp\/v2\/types\/page"}],"author":[{"embeddable":true,"href":"https:\/\/www.logosministries.org\/Portuguese\/wp-json\/wp\/v2\/users\/2"}],"replies":[{"embeddable":true,"href":"https:\/\/www.logosministries.org\/Portuguese\/wp-json\/wp\/v2\/comments?post=19"}],"version-history":[{"count":1,"href":"https:\/\/www.logosministries.org\/Portuguese\/wp-json\/wp\/v2\/pages\/19\/revisions"}],"predecessor-version":[{"id":20,"href":"https:\/\/www.logosministries.org\/Portuguese\/wp-json\/wp\/v2\/pages\/19\/revisions\/20"}],"wp:featuredmedia":[{"embeddable":true,"href":"https:\/\/www.logosministries.org\/Portuguese\/wp-json\/wp\/v2\/media\/44"}],"wp:attachment":[{"href":"https:\/\/www.logosministries.org\/Portuguese\/wp-json\/wp\/v2\/media?parent=19"}],"curies":[{"name":"wp","href":"https:\/\/api.w.org\/{rel}","templated":true}]}}