{"id":26,"date":"2017-07-09T23:11:59","date_gmt":"2017-07-09T23:11:59","guid":{"rendered":"http:\/\/www.logosministriesinternational.com\/Portuguese\/?page_id=26"},"modified":"2021-05-16T20:07:56","modified_gmt":"2021-05-16T20:07:56","slug":"parceria","status":"publish","type":"page","link":"https:\/\/www.logosministries.org\/Portuguese\/parceria\/","title":{"rendered":"Parceria"},"content":{"rendered":"<p><span style=\"font-family: Arial, Helvetica, sans-serif;\">Obrigado pelo interesse em doar para o Minist\u00e9rio Logos Internacional. Acreditamos que est\u00e1 semeando em terra f\u00e9rtil e agradecemos o seu apoio. Se voc\u00ea est\u00e1 interessado em contribuir mensalmente ou se deseja fazer uma doa\u00e7\u00e3o \u00fanica atrav\u00e9s Paypal somos muitos agradecidos pelos seus cora\u00e7\u00f5es. \u00a0Voc\u00ea e uma ben\u00e7\u00e3o!<\/span><\/p>\n<p><strong><span style=\"color: #ff0000; font-family: Arial, Helvetica, sans-serif;\">Logos Ministries International [Minist\u00e9rio\u00a0Logos Internacional]<\/span><\/strong><span style=\"color: #ff0000;\">\u00a0\u00e9\u00a0uma organiza\u00e7\u00e3o non-profit 501(c)(3). Sua contribui\u00e7\u00e3o \u00e9 dedut\u00edvel nos impostos, na medida permitida pela lei nos Estados Unidos. Enviaremos recibos no final do ano fiscal.<\/span><\/p>\n<p><span style=\"font-family: Arial, Helvetica, sans-serif;\">Se voc\u00ea estiver nos EUA, suas contribui\u00e7\u00f5es s\u00e3o dedut\u00edveis. Muito obrigado! Deus te aben\u00e7oe!<\/span><\/p>\n\n\n<div class=\"wp-block-buttons is-layout-flex wp-block-buttons-is-layout-flex\">\n<div class=\"wp-block-button\"><a class=\"wp-block-button__link\"><\/a><\/div>\n<\/div>\n\n\n\n<div class=\"wp-block-media-text alignwide is-stacked-on-mobile\"><figure class=\"wp-block-media-text__media\"><img loading=\"lazy\" decoding=\"async\" width=\"400\" height=\"400\" src=\"https:\/\/www.logosministries.org\/Portuguese\/wp-content\/uploads\/2020\/09\/handandseedsplain.png\" alt=\"\" class=\"wp-image-246 size-full\" srcset=\"https:\/\/www.logosministries.org\/Portuguese\/wp-content\/uploads\/2020\/09\/handandseedsplain.png 400w, https:\/\/www.logosministries.org\/Portuguese\/wp-content\/uploads\/2020\/09\/handandseedsplain-300x300.png 300w, https:\/\/www.logosministries.org\/Portuguese\/wp-content\/uploads\/2020\/09\/handandseedsplain-150x150.png 150w\" sizes=\"(max-width: 400px) 100vw, 400px\" \/><\/figure><div class=\"wp-block-media-text__content\">\n<pre class=\"wp-block-preformatted\">\"Ora, aquele que d\u00e1 a semente ao que semeia e p\u00e3o para comer tamb\u00e9m multiplicar\u00e1 a vossa sementeira e aumentar\u00e1 os frutos da vossa justi\u00e7a; para que em tudo enrique\u00e7ais para toda a benefic\u00eancia, a qual\nfaz que por n\u00f3s se deem gra\u00e7as a Deus.\"\n<strong>2 Cor\u00edntios 9:10-11<\/strong><\/pre>\n<\/div><\/div>\n\n\n\n<p class=\"has-text-align-left\"><span style=\"font-family: Arial, Helvetica, sans-serif;\">Para doar uma vez pode usar este bot\u00e3o.<\/span><\/p>\n\n\n\n<form action=\"https:\/\/www.paypal.com\/cgi-bin\/webscr\" method=\"post\" target=\"_top\">\n<input type=\"hidden\" name=\"cmd\" value=\"_s-xclick\">\n<input type=\"hidden\" name=\"hosted_button_id\" value=\"L5CQY9Y9JLUX4\">\n<input type=\"image\" src=\"https:\/\/www.logosministries.org\/Portuguese\/wp-content\/uploads\/2020\/09\/DOARbutton.jpg\" border=\"0\" name=\"submit\" title=\"PayPal - The safer, easier way to pay online!\" alt=\"Donate with PayPal button\">\n<img loading=\"lazy\" decoding=\"async\" alt=\"\" border=\"0\" src=\"https:\/\/www.paypal.com\/en_US\/i\/scr\/pixel.gif\" width=\"1\" height=\"1\">\n<\/form>\n\n\n\n<hr class=\"wp-block-separator\"\/>\n\n\n\n<h2>Parceria Mensal<\/h2>\n<form action=\"https:\/\/www.paypal.com\/cgi-bin\/webscr\" method=\"post\" target=\"_top\"><input name=\"hosted_button_id\" type=\"hidden\" value=\"82WQHYCS5UANE\">\n\n<table>\n<tbody>\n<tr>\n<td><input name=\"on0\" type=\"hidden\" value=\"Partnership Options\">Partnership Options<\/td>\n<\/tr>\n<tr>\n<td><select name=\"os0\">\n<option value=\"Option 1\">Option 1 : $25.00 USD &#8211; monthly<\/option>\n<option value=\"Option 2\">Option 2 : $50.00 USD &#8211; monthly<\/option>\n<option value=\"Option 3\">Option 3 : $75.00 USD &#8211; monthly<\/option>\n<option value=\"Option 4\">Option 4 : $100.00 USD &#8211; monthly<\/option>\n<option value=\"Option 5\">Option 5 : $150.00 USD &#8211; monthly<\/option>\n<option value=\"Option 6\">Option 6 : $200.00 USD &#8211; monthly<\/option>\n<option value=\"Option 7\">Option 7 : $300.00 USD &#8211; monthly<\/option>\n<option value=\"Option 8\">Option 8 : $500.00 USD &#8211; monthly<\/option>\n<option value=\"Option 9\">Option 9 : $1,000.00 USD &#8211; monthly<\/option>\n<\/select><\/td>\n<\/tr>\n<\/tbody>\n<\/table>\n<p><input name=\"currency_code\" type=\"hidden\" value=\"USD\"><br><input alt=\"PayPal - The safer, easier way to pay online!\" name=\"submit\" src=\"https:\/\/www.logosministries.org\/Portuguese\/wp-content\/uploads\/2020\/09\/donateportuguese.jpg\" type=\"image\"><br><img loading=\"lazy\" decoding=\"async\" src=\"https:\/\/www.paypalobjects.com\/en_US\/i\/scr\/pixel.gif\" alt=\"\" width=\"1\" height=\"1\" border=\"0\"><\/p>\n<\/form>\n\n\n\n<p><\/p>\n","protected":false},"excerpt":{"rendered":"<p>Obrigado pelo interesse em doar para o Minist\u00e9rio Logos Internacional. Acreditamos que est\u00e1 semeando em terra f\u00e9rtil e agradecemos o seu apoio. Se voc\u00ea est\u00e1 interessado em contribuir mensalmente ou se deseja fazer uma doa\u00e7\u00e3o \u00fanica atrav\u00e9s Paypal somos muitos agradecidos pelos seus cora\u00e7\u00f5es. \u00a0Voc\u00ea e uma ben\u00e7\u00e3o! Logos Ministries International [Minist\u00e9rio\u00a0Logos Internacional]\u00a0\u00e9\u00a0uma organiza\u00e7\u00e3o non-profit [&hellip;]<\/p>\n","protected":false},"author":2,"featured_media":43,"parent":0,"menu_order":0,"comment_status":"closed","ping_status":"closed","template":"","meta":{"footnotes":""},"_links":{"self":[{"href":"https:\/\/www.logosministries.org\/Portuguese\/wp-json\/wp\/v2\/pages\/26"}],"collection":[{"href":"https:\/\/www.logosministries.org\/Portuguese\/wp-json\/wp\/v2\/pages"}],"about":[{"href":"https:\/\/www.logosministries.org\/Portuguese\/wp-json\/wp\/v2\/types\/page"}],"author":[{"embeddable":true,"href":"https:\/\/www.logosministries.org\/Portuguese\/wp-json\/wp\/v2\/users\/2"}],"replies":[{"embeddable":true,"href":"https:\/\/www.logosministries.org\/Portuguese\/wp-json\/wp\/v2\/comments?post=26"}],"version-history":[{"count":14,"href":"https:\/\/www.logosministries.org\/Portuguese\/wp-json\/wp\/v2\/pages\/26\/revisions"}],"predecessor-version":[{"id":296,"href":"https:\/\/www.logosministries.org\/Portuguese\/wp-json\/wp\/v2\/pages\/26\/revisions\/296"}],"wp:featuredmedia":[{"embeddable":true,"href":"https:\/\/www.logosministries.org\/Portuguese\/wp-json\/wp\/v2\/media\/43"}],"wp:attachment":[{"href":"https:\/\/www.logosministries.org\/Portuguese\/wp-json\/wp\/v2\/media?parent=26"}],"curies":[{"name":"wp","href":"https:\/\/api.w.org\/{rel}","templated":true}]}}